{"id":33,"date":"2017-01-10T17:11:14","date_gmt":"2017-01-10T16:11:14","guid":{"rendered":"http:\/\/gerritkwakkel.nl\/?page_id=33"},"modified":"2024-01-04T16:48:48","modified_gmt":"2024-01-04T15:48:48","slug":"mijn-cavias","status":"publish","type":"page","link":"https:\/\/gerritkwakkel.nl\/?page_id=33","title":{"rendered":"Mijn Cavia&#8217;s"},"content":{"rendered":"<p><strong><span style=\"font-family: 'Comic Sans MS'; color: #ffcc99;\">Mijn eerste cavia&#8217;s waren Brindle borstels. Een leuk ras maar door de rozetten geen makkelijk ras om te fokken. Omdat ik ook wel van een uitdaging hou ben ik op zoek gegaan naar een speciaal ras. In een jaarboekje van de NCC kwam ik een fokker tegen van Dalmati\u00ebr cavia&#8217;s. Ik had toen een Dalmati\u00ebr hond en wilde wel meer spikkels in huis. Je begrijpt het al ik had al snel een koppeltje Dalmati\u00ebrs in huis. Omdat Dalmati\u00ebrs gekruist worden met zwart gladhaar ben ik hier ook naar opzoek gegaan. Ik had de smaak al snel te pakken en in 2005 heb ik de voorlopige erkenning gekregen. In 2008 heb ik de definitieve erkenning gekregen. Naast de gladhaar Dalmati\u00ebr zwart en de gladhaar zwart heb ik meerdere rassen gefokt onder andere de Hollander Zwart hier ben ik inmiddels wel mee gestopt.<\/span><\/strong><\/p>\n<p style=\"text-align: center;\" align=\"center\"><strong><span style=\"font-family: 'Comic Sans MS'; color: #ffcc99;\">Op dit moment fok ik<\/span><span style=\"font-family: 'Comic Sans MS'; color: #ffcc99;\">:<\/span><\/strong><\/p>\n<p style=\"text-align: center;\" align=\"center\"><strong><span style=\"font-family: 'Comic Sans MS'; color: #ffcc99;\">Gladhaar zwart<br \/>\nEngels gekruind zwart<br \/>\nGladhaar wit donkeroog<br \/>\nEngels gekruind wit donkeroog<br \/>\nGladhaar cr\u00e8me<br \/>\nSatijn wit<br \/>\nSatijn cr\u00e8me<\/span><\/strong><\/p>\n<p align=\"center\"><strong><span style=\"color: #ffcc99; font-size: large;\">\u00a0<\/span><\/strong><\/p>\n","protected":false},"excerpt":{"rendered":"<p>Mijn eerste cavia&#8217;s waren Brindle borstels. Een leuk ras maar door de rozetten geen makkelijk ras om te fokken. Omdat ik ook wel van een uitdaging hou ben ik op zoek gegaan naar een speciaal ras. In een jaarboekje van de NCC kwam ik een fokker tegen van Dalmati\u00ebr cavia&#8217;s. Ik had toen een Dalmati\u00ebr &hellip; <a href=\"https:\/\/gerritkwakkel.nl\/?page_id=33\" class=\"more-link\">Lees verder <span class=\"screen-reader-text\">&#8220;Mijn Cavia&#8217;s&#8221;<\/span><\/a><\/p>\n","protected":false},"author":1,"featured_media":0,"parent":0,"menu_order":0,"comment_status":"closed","ping_status":"closed","template":"","meta":{"footnotes":""},"class_list":["post-33","page","type-page","status-publish","hentry"],"aioseo_notices":[],"_links":{"self":[{"href":"https:\/\/gerritkwakkel.nl\/index.php?rest_route=\/wp\/v2\/pages\/33","targetHints":{"allow":["GET"]}}],"collection":[{"href":"https:\/\/gerritkwakkel.nl\/index.php?rest_route=\/wp\/v2\/pages"}],"about":[{"href":"https:\/\/gerritkwakkel.nl\/index.php?rest_route=\/wp\/v2\/types\/page"}],"author":[{"embeddable":true,"href":"https:\/\/gerritkwakkel.nl\/index.php?rest_route=\/wp\/v2\/users\/1"}],"replies":[{"embeddable":true,"href":"https:\/\/gerritkwakkel.nl\/index.php?rest_route=%2Fwp%2Fv2%2Fcomments&post=33"}],"version-history":[{"count":6,"href":"https:\/\/gerritkwakkel.nl\/index.php?rest_route=\/wp\/v2\/pages\/33\/revisions"}],"predecessor-version":[{"id":84,"href":"https:\/\/gerritkwakkel.nl\/index.php?rest_route=\/wp\/v2\/pages\/33\/revisions\/84"}],"wp:attachment":[{"href":"https:\/\/gerritkwakkel.nl\/index.php?rest_route=%2Fwp%2Fv2%2Fmedia&parent=33"}],"curies":[{"name":"wp","href":"https:\/\/api.w.org\/{rel}","templated":true}]}}